{"id":15,"date":"2020-01-11T19:35:33","date_gmt":"2020-01-11T19:35:33","guid":{"rendered":"http:\/\/photo.onet-online.de\/?page_id=15"},"modified":"2020-01-11T20:17:30","modified_gmt":"2020-01-11T20:17:30","slug":"impressum","status":"publish","type":"page","link":"https:\/\/onet-online.de\/?page_id=15","title":{"rendered":"Impressum"},"content":{"rendered":"\n<ul class=\"wp-block-list\"><li>W. Obermeier<\/li><li>E-MAIL: winfried.obermeier(at)onet-online.de<\/li><li>INTERNET: onet-online.de<\/li><li>Inhaltlich Verantwortlicher gem\u00e4\u00df \u00a7 10 Absatz 3 MDStV<\/li><\/ul>\n\n\n\n<p>HINWEIS:<\/p>\n\n\n\n<p>S\u00e4mtliche auf diesen Seiten gezeigten Fotografien und Grafiken sind das geistige Eigentum des Seitenbetreibers. S\u00e4mtliche Nutzung besagter Bilddateien zu privaten und\/oder gewerblichen Zwecken bedarf der Zustimmung des Seitenbetreibers.<\/p>\n\n\n\n<p>Trotz sorgf\u00e4ltiger inhaltlicher Kontrolle \u00fcbernehme ich keine Haftung f\u00fcr die Inhalte externer Links. F\u00fcr die Inhalte verlinkter Seiten sind ausschlie\u00dflich deren Betreiber verantwortlich.<\/p>\n\n\n\n<p><\/p>\n","protected":false},"excerpt":{"rendered":"<p>W. Obermeier E-MAIL: winfried.obermeier(at)onet-online.de INTERNET: onet-online.de Inhaltlich Verantwortlicher gem\u00e4\u00df \u00a7 10 Absatz 3 MDStV HINWEIS: S\u00e4mtliche auf diesen Seiten gezeigten Fotografien und Grafiken sind das geistige Eigentum des Seitenbetreibers. S\u00e4mtliche Nutzung besagter Bilddateien zu privaten und\/oder gewerblichen Zwecken bedarf der Zustimmung des Seitenbetreibers. Trotz sorgf\u00e4ltiger inhaltlicher Kontrolle \u00fcbernehme ich keine Haftung f\u00fcr die Inhalte externer &hellip; <\/p>\n<p class=\"link-more\"><a href=\"https:\/\/onet-online.de\/?page_id=15\" class=\"more-link\"><span class=\"screen-reader-text\">\u201eImpressum\u201c<\/span> weiterlesen<\/a><\/p>\n","protected":false},"author":1,"featured_media":0,"parent":0,"menu_order":0,"comment_status":"closed","ping_status":"closed","template":"","meta":{"footnotes":""},"class_list":["post-15","page","type-page","status-publish","hentry"],"_links":{"self":[{"href":"https:\/\/onet-online.de\/index.php?rest_route=\/wp\/v2\/pages\/15"}],"collection":[{"href":"https:\/\/onet-online.de\/index.php?rest_route=\/wp\/v2\/pages"}],"about":[{"href":"https:\/\/onet-online.de\/index.php?rest_route=\/wp\/v2\/types\/page"}],"author":[{"embeddable":true,"href":"https:\/\/onet-online.de\/index.php?rest_route=\/wp\/v2\/users\/1"}],"replies":[{"embeddable":true,"href":"https:\/\/onet-online.de\/index.php?rest_route=%2Fwp%2Fv2%2Fcomments&post=15"}],"version-history":[{"count":2,"href":"https:\/\/onet-online.de\/index.php?rest_route=\/wp\/v2\/pages\/15\/revisions"}],"predecessor-version":[{"id":140,"href":"https:\/\/onet-online.de\/index.php?rest_route=\/wp\/v2\/pages\/15\/revisions\/140"}],"wp:attachment":[{"href":"https:\/\/onet-online.de\/index.php?rest_route=%2Fwp%2Fv2%2Fmedia&parent=15"}],"curies":[{"name":"wp","href":"https:\/\/api.w.org\/{rel}","templated":true}]}}